{"id":629,"date":"2018-11-13T13:51:49","date_gmt":"2018-11-13T13:51:49","guid":{"rendered":"https:\/\/themes.getmotopress.com\/palmeria\/?page_id=55"},"modified":"2022-07-18T11:56:01","modified_gmt":"2022-07-18T10:56:01","slug":"comfort","status":"publish","type":"page","link":"https:\/\/www.quintadosfangueiros.pt\/en\/welcome\/comfort\/","title":{"rendered":"For your comfort"},"content":{"rendered":"<p>We have several services and amenities at you disposal so you can enjoy a complete and relaxing vacations<\/p>\n\n\n\n<div class=\"wp-block-columns has-2-columns is-layout-flex wp-container-core-columns-is-layout-9d6595d7 wp-block-columns-is-layout-flex\">\n<div class=\"wp-block-column is-layout-flow wp-block-column-is-layout-flow\">\n<ul class=\"wp-block-list\"><li>Pool<\/li><li>Padel Tennis Court<\/li><li>Garden<\/li><li>Artificial Lake<\/li><li>Bicycles<\/li><li>Grill<\/li><\/ul>\n<\/div>\n\n\n\n<div class=\"wp-block-column is-layout-flow wp-block-column-is-layout-flow\">\n<ul class=\"wp-block-list\"><li><span style=\"font-size: 1rem;\">Air conditioning<\/span><\/li><li>Free Wi-Fi<\/li><li>Home appliances<\/li><li>Crockery and Cutlery<\/li><li>Beddings<\/li><\/ul>\n\n\n\n<p><\/p>\n<\/div>\n<\/div>\n\n\n\n<div class=\"wp-block-columns is-layout-flex wp-container-core-columns-is-layout-9d6595d7 wp-block-columns-is-layout-flex\">\n<div class=\"wp-block-column is-layout-flow wp-block-column-is-layout-flow\">\n<div class=\"wp-block-buttons alignfull is-horizontal is-content-justification-left is-layout-flex wp-container-core-buttons-is-layout-7e5fce0a wp-block-buttons-is-layout-flex\">\n<div class=\"wp-block-button\"><a class=\"wp-block-button__link\" href=\"https:\/\/www.quintadosfangueiros.pt\/en\/bemvindos\/fcomfort\/services\/\">View Services<\/a><\/div>\n<\/div>\n<\/div>\n\n\n\n<div class=\"wp-block-column is-layout-flow wp-block-column-is-layout-flow\">\n<div class=\"wp-block-buttons alignfull is-horizontal is-content-justification-left is-layout-flex wp-container-core-buttons-is-layout-7e5fce0a wp-block-buttons-is-layout-flex\">\n<div class=\"wp-block-button\"><a class=\"wp-block-button__link\" href=\"https:\/\/www.quintadosfangueiros.pt\/en\/bemvindos\/fcomfort\/amenities\/\">View Amenities<\/a><\/div>\n<\/div>\n<\/div>\n<\/div>","protected":false},"excerpt":{"rendered":"<p>Para que possa disfrutar de umas f\u00e9rias completas e relaxantes dispomos de v\u00e1rios servi\u00e7os e comodidades. Piscina Campo de Padel Jardim Lago artificial Bicicletas Grelhador Ar condicionado Wi-Fi gratuito Eletrodom\u00e9sticos Lou\u00e7a e Talheres Roupa de Cama<\/p>","protected":false},"author":1,"featured_media":980,"parent":628,"menu_order":1,"comment_status":"closed","ping_status":"closed","template":"","meta":{"_monsterinsights_skip_tracking":false,"_monsterinsights_sitenote_active":false,"_monsterinsights_sitenote_note":"","_monsterinsights_sitenote_category":0,"footnotes":""},"class_list":["post-629","page","type-page","status-publish","has-post-thumbnail","hentry"],"aioseo_notices":[],"_links":{"self":[{"href":"https:\/\/www.quintadosfangueiros.pt\/en\/wp-json\/wp\/v2\/pages\/629","targetHints":{"allow":["GET"]}}],"collection":[{"href":"https:\/\/www.quintadosfangueiros.pt\/en\/wp-json\/wp\/v2\/pages"}],"about":[{"href":"https:\/\/www.quintadosfangueiros.pt\/en\/wp-json\/wp\/v2\/types\/page"}],"author":[{"embeddable":true,"href":"https:\/\/www.quintadosfangueiros.pt\/en\/wp-json\/wp\/v2\/users\/1"}],"replies":[{"embeddable":true,"href":"https:\/\/www.quintadosfangueiros.pt\/en\/wp-json\/wp\/v2\/comments?post=629"}],"version-history":[{"count":18,"href":"https:\/\/www.quintadosfangueiros.pt\/en\/wp-json\/wp\/v2\/pages\/629\/revisions"}],"predecessor-version":[{"id":1456,"href":"https:\/\/www.quintadosfangueiros.pt\/en\/wp-json\/wp\/v2\/pages\/629\/revisions\/1456"}],"up":[{"embeddable":true,"href":"https:\/\/www.quintadosfangueiros.pt\/en\/wp-json\/wp\/v2\/pages\/628"}],"wp:featuredmedia":[{"embeddable":true,"href":"https:\/\/www.quintadosfangueiros.pt\/en\/wp-json\/wp\/v2\/media\/980"}],"wp:attachment":[{"href":"https:\/\/www.quintadosfangueiros.pt\/en\/wp-json\/wp\/v2\/media?parent=629"}],"curies":[{"name":"wp","href":"https:\/\/api.w.org\/{rel}","templated":true}]}}