{"id":632,"date":"2018-11-13T13:56:09","date_gmt":"2018-11-13T13:56:09","guid":{"rendered":"https:\/\/themes.getmotopress.com\/palmeria\/?page_id=70"},"modified":"2023-01-13T13:24:30","modified_gmt":"2023-01-13T13:24:30","slug":"contact","status":"publish","type":"page","link":"https:\/\/www.quintadosfangueiros.pt\/en\/welcome\/contact\/","title":{"rendered":"Contact Us"},"content":{"rendered":"<p class=\"has-text-align-left\">Every moment is good moment to share your experience at Quinta dos Fangueiros<br>Feel free to contact us for any information<br>Also give us your feedback for future improvements<\/p>\n\n\n\n<div class=\"wp-block-columns has-3-columns is-layout-flex wp-container-core-columns-is-layout-9d6595d7 wp-block-columns-is-layout-flex\">\n<div class=\"wp-block-column is-layout-flow wp-block-column-is-layout-flow\">\n<h5 style=\"text-align: center\">\n\t<i class=\"fas fa-map-marker-alt\"><\/i>\n<\/h5>\n\n\n\n<h4 class=\"has-text-align-center wp-block-heading\">Location<\/h4>\n\n\n\n<p class=\"has-text-align-center has-small-font-size\">Rua Senhora da Consola\u00e7\u00e3o n\u00ba47<br>4910-316 Riba de \u00c2ncora<br>Caminha, Portugal<\/p>\n<\/div>\n\n\n\n<div class=\"wp-block-column is-layout-flow wp-block-column-is-layout-flow\">\n<h5 style=\"text-align: center\">\n\t<i class=\"fas fa-phone\"><\/i>\n<\/h5>\n\n\n\n<h4 class=\"has-text-align-center wp-block-heading\">Mobile<\/h4>\n\n\n\n<p class=\"has-text-align-center has-small-font-size\"><a href=\"tel:+351 (91) 0100 417\">+351 (91) 0100 417<\/a><\/p>\n\n\n\n<p class=\"has-text-align-center\">(portuguese mobile line call cost)<\/p>\n<\/div>\n\n\n\n<div class=\"wp-block-column is-layout-flow wp-block-column-is-layout-flow\">\n<h5 style=\"text-align: center\">\n\t<i class=\"fas fa-envelope\"><\/i>\n<\/h5>\n\n\n\n<h4 class=\"has-text-align-center wp-block-heading\">More Info<\/h4>\n\n\n\n<p class=\"has-text-align-center has-small-font-size\"><a href=\"mailto:geral@quintadosfangueiros.pt\">geral@quintadosfangueiros.pt<\/a><\/p>\n\n\n\n<h4 class=\"has-text-align-center wp-block-heading\">Bookings<\/h4>\n\n\n\n<p class=\"has-text-align-center has-small-font-size\"><a href=\"mailto:reservas@quintadosfangueiros.pt\">reservas@quintadosfangueiros.pt<\/a><\/p>\n<\/div>\n<\/div>\n\n\n\n<div class=\"wp-block-buttons is-horizontal is-content-justification-center is-layout-flex wp-container-core-buttons-is-layout-499968f5 wp-block-buttons-is-layout-flex\">\n<div class=\"wp-block-button\"><a class=\"wp-block-button__link\" href=\"https:\/\/www.quintadosfangueiros.pt\/en\/welcome\/contact\/contact-us\/\">  Send Message<\/a><\/div>\n<\/div>","protected":false},"excerpt":{"rendered":"<p>Qualquer momento \u00e9 ideal para partilhar a sua experi\u00eancia na Quinta dos Fangueiros.Contacte-nos para qualquer informa\u00e7\u00e3oEnvie a sua opini\u00e3o para que possamos melhorar no futuro Localiza\u00e7\u00e3o Rua Senhora da Consola\u00e7\u00e3o n\u00ba474910-316 Riba de \u00c2ncoraCaminha, Portugal Telem\u00f3vel +351 (91) 0100 417 (custo de chamada para a rede m\u00f3vel nacional) Informa\u00e7\u00f5es geral@quintadosfangueiros.pt Reservas reservas@quintadosfangueiros.pt<\/p>","protected":false},"author":1,"featured_media":945,"parent":628,"menu_order":3,"comment_status":"closed","ping_status":"closed","template":"","meta":{"_monsterinsights_skip_tracking":false,"_monsterinsights_sitenote_active":false,"_monsterinsights_sitenote_note":"","_monsterinsights_sitenote_category":0,"footnotes":""},"class_list":["post-632","page","type-page","status-publish","has-post-thumbnail","hentry"],"aioseo_notices":[],"_links":{"self":[{"href":"https:\/\/www.quintadosfangueiros.pt\/en\/wp-json\/wp\/v2\/pages\/632","targetHints":{"allow":["GET"]}}],"collection":[{"href":"https:\/\/www.quintadosfangueiros.pt\/en\/wp-json\/wp\/v2\/pages"}],"about":[{"href":"https:\/\/www.quintadosfangueiros.pt\/en\/wp-json\/wp\/v2\/types\/page"}],"author":[{"embeddable":true,"href":"https:\/\/www.quintadosfangueiros.pt\/en\/wp-json\/wp\/v2\/users\/1"}],"replies":[{"embeddable":true,"href":"https:\/\/www.quintadosfangueiros.pt\/en\/wp-json\/wp\/v2\/comments?post=632"}],"version-history":[{"count":26,"href":"https:\/\/www.quintadosfangueiros.pt\/en\/wp-json\/wp\/v2\/pages\/632\/revisions"}],"predecessor-version":[{"id":1460,"href":"https:\/\/www.quintadosfangueiros.pt\/en\/wp-json\/wp\/v2\/pages\/632\/revisions\/1460"}],"up":[{"embeddable":true,"href":"https:\/\/www.quintadosfangueiros.pt\/en\/wp-json\/wp\/v2\/pages\/628"}],"wp:featuredmedia":[{"embeddable":true,"href":"https:\/\/www.quintadosfangueiros.pt\/en\/wp-json\/wp\/v2\/media\/945"}],"wp:attachment":[{"href":"https:\/\/www.quintadosfangueiros.pt\/en\/wp-json\/wp\/v2\/media?parent=632"}],"curies":[{"name":"wp","href":"https:\/\/api.w.org\/{rel}","templated":true}]}}