{"id":637,"date":"2018-11-13T15:01:07","date_gmt":"2018-11-13T15:01:07","guid":{"rendered":"https:\/\/themes.getmotopress.com\/palmeria\/?page_id=152"},"modified":"2021-08-06T18:38:32","modified_gmt":"2021-08-06T17:38:32","slug":"services","status":"publish","type":"page","link":"https:\/\/www.quintadosfangueiros.pt\/en\/welcome\/comfort\/services\/","title":{"rendered":"Our Services"},"content":{"rendered":"<p class=\"has-text-align-center\">Everything you need to enjoy your stay<\/p>\n\n\n<div class=\"mphb_sc_services-wrapper\">    <div class=\"services-inner-wrapper\">\n    <div class=\"mphb-service post-684 mphb_room_service type-mphb_room_service status-publish has-post-thumbnail mphb-service-free\">\n\n\t\n\n\t    <\/a>\n    <p class=\"mphb-loop-service-thumbnail\">    <a href=\"https:\/\/www.quintadosfangueiros.pt\/en\/services\/sea-view-pool\/\">\n    \n\t<img fetchpriority=\"high\" decoding=\"async\" width=\"892\" height=\"595\" src=\"https:\/\/www.quintadosfangueiros.pt\/wp-content\/uploads\/2021\/07\/6S2A0672_big-892x595.jpg\" class=\"attachment-post-thumbnail size-post-thumbnail wp-post-image\" alt=\"Piscina\" srcset=\"https:\/\/www.quintadosfangueiros.pt\/wp-content\/uploads\/2021\/07\/6S2A0672_big-892x594.jpg 892w, https:\/\/www.quintadosfangueiros.pt\/wp-content\/uploads\/2021\/07\/6S2A0672_big-300x200.jpg 300w, https:\/\/www.quintadosfangueiros.pt\/wp-content\/uploads\/2021\/07\/6S2A0672_big-1024x683.jpg 1024w, https:\/\/www.quintadosfangueiros.pt\/wp-content\/uploads\/2021\/07\/6S2A0672_big-768x512.jpg 768w, https:\/\/www.quintadosfangueiros.pt\/wp-content\/uploads\/2021\/07\/6S2A0672_big-1536x1024.jpg 1536w, https:\/\/www.quintadosfangueiros.pt\/wp-content\/uploads\/2021\/07\/6S2A0672_big-2048x1366.jpg 2048w, https:\/\/www.quintadosfangueiros.pt\/wp-content\/uploads\/2021\/07\/6S2A0672_big-18x12.jpg 18w, https:\/\/www.quintadosfangueiros.pt\/wp-content\/uploads\/2021\/07\/6S2A0672_big-150x100.jpg 150w\" sizes=\"(max-width: 892px) 100vw, 892px\" \/>\n\t<\/p>\n\t\n<h2 class=\"mphb-service-title\">\n<a href=\"https:\/\/www.quintadosfangueiros.pt\/en\/services\/sea-view-pool\/\">Outdoor Pool with Sea View<\/a>\n<\/h2>\n\n<p>Please check pool usage rules<\/p>\n\n\n<\/div>\n<div class=\"mphb-service post-691 mphb_room_service type-mphb_room_service status-publish has-post-thumbnail mphb-service-free\">\n\n\t\n\n\t    <\/a>\n    <p class=\"mphb-loop-service-thumbnail\">    <a href=\"https:\/\/www.quintadosfangueiros.pt\/en\/services\/pool-garden\/\">\n    \n\t<img decoding=\"async\" width=\"892\" height=\"595\" src=\"https:\/\/www.quintadosfangueiros.pt\/wp-content\/uploads\/2021\/07\/6S2A0673_big-892x595.jpg\" class=\"attachment-post-thumbnail size-post-thumbnail wp-post-image\" alt=\"Jardim Piscina\" srcset=\"https:\/\/www.quintadosfangueiros.pt\/wp-content\/uploads\/2021\/07\/6S2A0673_big-892x594.jpg 892w, https:\/\/www.quintadosfangueiros.pt\/wp-content\/uploads\/2021\/07\/6S2A0673_big-300x200.jpg 300w, https:\/\/www.quintadosfangueiros.pt\/wp-content\/uploads\/2021\/07\/6S2A0673_big-1024x683.jpg 1024w, https:\/\/www.quintadosfangueiros.pt\/wp-content\/uploads\/2021\/07\/6S2A0673_big-768x512.jpg 768w, https:\/\/www.quintadosfangueiros.pt\/wp-content\/uploads\/2021\/07\/6S2A0673_big-1536x1024.jpg 1536w, https:\/\/www.quintadosfangueiros.pt\/wp-content\/uploads\/2021\/07\/6S2A0673_big-2048x1366.jpg 2048w, https:\/\/www.quintadosfangueiros.pt\/wp-content\/uploads\/2021\/07\/6S2A0673_big-18x12.jpg 18w, https:\/\/www.quintadosfangueiros.pt\/wp-content\/uploads\/2021\/07\/6S2A0673_big-150x100.jpg 150w\" sizes=\"(max-width: 892px) 100vw, 892px\" \/>\n\t<\/p>\n\t\n<h2 class=\"mphb-service-title\">\n<a href=\"https:\/\/www.quintadosfangueiros.pt\/en\/services\/pool-garden\/\">Garden by the Pool<\/a>\n<\/h2>\n\n<p>Garden with sun loungers, mattresses and chairs.<\/p>\n\n\n<\/div>\n<div class=\"mphb-service post-1450 mphb_room_service type-mphb_room_service status-publish has-post-thumbnail mphb-service-free\">\n\n\t\n\n\t    <\/a>\n    <p class=\"mphb-loop-service-thumbnail\">    <a href=\"https:\/\/www.quintadosfangueiros.pt\/en\/services\/padel-court\/\">\n    \n\t<img decoding=\"async\" width=\"892\" height=\"669\" src=\"https:\/\/www.quintadosfangueiros.pt\/wp-content\/uploads\/2022\/07\/20220717_165024-892x669.jpg\" class=\"attachment-post-thumbnail size-post-thumbnail wp-post-image\" alt=\"Campo de Padel\" srcset=\"https:\/\/www.quintadosfangueiros.pt\/wp-content\/uploads\/2022\/07\/20220717_165024-892x669.jpg 892w, https:\/\/www.quintadosfangueiros.pt\/wp-content\/uploads\/2022\/07\/20220717_165024-300x225.jpg 300w, https:\/\/www.quintadosfangueiros.pt\/wp-content\/uploads\/2022\/07\/20220717_165024-1024x768.jpg 1024w, https:\/\/www.quintadosfangueiros.pt\/wp-content\/uploads\/2022\/07\/20220717_165024-768x576.jpg 768w, https:\/\/www.quintadosfangueiros.pt\/wp-content\/uploads\/2022\/07\/20220717_165024-1536x1152.jpg 1536w, https:\/\/www.quintadosfangueiros.pt\/wp-content\/uploads\/2022\/07\/20220717_165024-2048x1536.jpg 2048w, https:\/\/www.quintadosfangueiros.pt\/wp-content\/uploads\/2022\/07\/20220717_165024-16x12.jpg 16w\" sizes=\"(max-width: 892px) 100vw, 892px\" \/>\n\t<\/p>\n\t\n<h2 class=\"mphb-service-title\">\n<a href=\"https:\/\/www.quintadosfangueiros.pt\/en\/services\/padel-court\/\">Padel Tennis Court<\/a>\n<\/h2>\n\n<p>Padel Tennis Court available for free use by our guests<\/p>\n\n\n<\/div>\n<div class=\"mphb-service post-156 mphb_room_service type-mphb_room_service status-publish has-post-thumbnail mphb-service-free\">\n\n\t\n\n\t    <\/a>\n    <p class=\"mphb-loop-service-thumbnail\">    <a href=\"https:\/\/www.quintadosfangueiros.pt\/en\/services\/bikes\/\">\n    \n\t<img loading=\"lazy\" decoding=\"async\" width=\"892\" height=\"589\" src=\"https:\/\/www.quintadosfangueiros.pt\/wp-content\/uploads\/2021\/07\/20210710_170524-scaled-e1628269027773-892x589.jpg\" class=\"attachment-post-thumbnail size-post-thumbnail wp-post-image\" alt=\"Bicicletas\" srcset=\"https:\/\/www.quintadosfangueiros.pt\/wp-content\/uploads\/2021\/07\/20210710_170524-scaled-e1628269027773-892x589.jpg 892w, https:\/\/www.quintadosfangueiros.pt\/wp-content\/uploads\/2021\/07\/20210710_170524-scaled-e1628269027773-300x198.jpg 300w, https:\/\/www.quintadosfangueiros.pt\/wp-content\/uploads\/2021\/07\/20210710_170524-scaled-e1628269027773-1024x676.jpg 1024w, https:\/\/www.quintadosfangueiros.pt\/wp-content\/uploads\/2021\/07\/20210710_170524-scaled-e1628269027773-768x507.jpg 768w, https:\/\/www.quintadosfangueiros.pt\/wp-content\/uploads\/2021\/07\/20210710_170524-scaled-e1628269027773-1536x1014.jpg 1536w, https:\/\/www.quintadosfangueiros.pt\/wp-content\/uploads\/2021\/07\/20210710_170524-scaled-e1628269027773-2048x1351.jpg 2048w, https:\/\/www.quintadosfangueiros.pt\/wp-content\/uploads\/2021\/07\/20210710_170524-scaled-e1628269027773-18x12.jpg 18w, https:\/\/www.quintadosfangueiros.pt\/wp-content\/uploads\/2021\/07\/20210710_170524-scaled-e1628269027773-150x100.jpg 150w\" sizes=\"(max-width: 892px) 100vw, 892px\" \/>\n\t<\/p>\n\t\n<h2 class=\"mphb-service-title\">\n<a href=\"https:\/\/www.quintadosfangueiros.pt\/en\/services\/bikes\/\">Bicycles<\/a>\n<\/h2>\n\n<p>We have bicycles for free usage by the guests.<br>Check availability with the manager<\/p>\n\n\n<\/div>\n<div class=\"mphb-service post-1002 mphb_room_service type-mphb_room_service status-publish has-post-thumbnail mphb-service-free\">\n\n\t\n\n\t    <\/a>\n    <p class=\"mphb-loop-service-thumbnail\">    <a href=\"https:\/\/www.quintadosfangueiros.pt\/en\/services\/terrace\/\">\n    \n\t<img loading=\"lazy\" decoding=\"async\" width=\"892\" height=\"595\" src=\"https:\/\/www.quintadosfangueiros.pt\/wp-content\/uploads\/2021\/08\/6S2A0676_big-892x595.jpg\" class=\"attachment-post-thumbnail size-post-thumbnail wp-post-image\" alt=\"Terra\u00e7o refei\u00e7\u00f5es\" srcset=\"https:\/\/www.quintadosfangueiros.pt\/wp-content\/uploads\/2021\/08\/6S2A0676_big-892x594.jpg 892w, https:\/\/www.quintadosfangueiros.pt\/wp-content\/uploads\/2021\/08\/6S2A0676_big-300x200.jpg 300w, https:\/\/www.quintadosfangueiros.pt\/wp-content\/uploads\/2021\/08\/6S2A0676_big-1024x683.jpg 1024w, https:\/\/www.quintadosfangueiros.pt\/wp-content\/uploads\/2021\/08\/6S2A0676_big-768x512.jpg 768w, https:\/\/www.quintadosfangueiros.pt\/wp-content\/uploads\/2021\/08\/6S2A0676_big-1536x1024.jpg 1536w, https:\/\/www.quintadosfangueiros.pt\/wp-content\/uploads\/2021\/08\/6S2A0676_big-2048x1366.jpg 2048w, https:\/\/www.quintadosfangueiros.pt\/wp-content\/uploads\/2021\/08\/6S2A0676_big-18x12.jpg 18w, https:\/\/www.quintadosfangueiros.pt\/wp-content\/uploads\/2021\/08\/6S2A0676_big-150x100.jpg 150w\" sizes=\"(max-width: 892px) 100vw, 892px\" \/>\n\t<\/p>\n\t\n<h2 class=\"mphb-service-title\">\n<a href=\"https:\/\/www.quintadosfangueiros.pt\/en\/services\/terrace\/\">Sea View Terrace<\/a>\n<\/h2>\n\n<p>Terrace with sea view with swing, sofas and dining table<\/p>\n\n\n<\/div>\n<div class=\"mphb-service post-1005 mphb_room_service type-mphb_room_service status-publish has-post-thumbnail mphb-service-free\">\n\n\t\n\n\t    <\/a>\n    <p class=\"mphb-loop-service-thumbnail\">    <a href=\"https:\/\/www.quintadosfangueiros.pt\/en\/services\/grill\/\">\n    \n\t<img loading=\"lazy\" decoding=\"async\" width=\"892\" height=\"595\" src=\"https:\/\/www.quintadosfangueiros.pt\/wp-content\/uploads\/2021\/08\/6S2A0714_big-892x595.jpg\" class=\"attachment-post-thumbnail size-post-thumbnail wp-post-image\" alt=\"Grellhador\" srcset=\"https:\/\/www.quintadosfangueiros.pt\/wp-content\/uploads\/2021\/08\/6S2A0714_big-892x594.jpg 892w, https:\/\/www.quintadosfangueiros.pt\/wp-content\/uploads\/2021\/08\/6S2A0714_big-300x200.jpg 300w, https:\/\/www.quintadosfangueiros.pt\/wp-content\/uploads\/2021\/08\/6S2A0714_big-1024x683.jpg 1024w, https:\/\/www.quintadosfangueiros.pt\/wp-content\/uploads\/2021\/08\/6S2A0714_big-768x512.jpg 768w, https:\/\/www.quintadosfangueiros.pt\/wp-content\/uploads\/2021\/08\/6S2A0714_big-1536x1024.jpg 1536w, https:\/\/www.quintadosfangueiros.pt\/wp-content\/uploads\/2021\/08\/6S2A0714_big-2048x1366.jpg 2048w, https:\/\/www.quintadosfangueiros.pt\/wp-content\/uploads\/2021\/08\/6S2A0714_big-18x12.jpg 18w, https:\/\/www.quintadosfangueiros.pt\/wp-content\/uploads\/2021\/08\/6S2A0714_big-150x100.jpg 150w\" sizes=\"(max-width: 892px) 100vw, 892px\" \/>\n\t<\/p>\n\t\n<h2 class=\"mphb-service-title\">\n<a href=\"https:\/\/www.quintadosfangueiros.pt\/en\/services\/grill\/\">Grill<\/a>\n<\/h2>\n\n<p>Grill for the outdoor dining area<\/p>\n\n\n<\/div>\n<div class=\"mphb-service post-1336 mphb_room_service type-mphb_room_service status-publish has-post-thumbnail mphb-service-free\">\n\n\t\n\n\t    <\/a>\n    <p class=\"mphb-loop-service-thumbnail\">    <a href=\"https:\/\/www.quintadosfangueiros.pt\/en\/services\/outdoor-dining-area-with-tables\/\">\n    \n\t<img loading=\"lazy\" decoding=\"async\" width=\"892\" height=\"595\" src=\"https:\/\/www.quintadosfangueiros.pt\/wp-content\/uploads\/2021\/08\/5D3_8376-892x595.jpg\" class=\"attachment-post-thumbnail size-post-thumbnail wp-post-image\" alt=\"\" srcset=\"https:\/\/www.quintadosfangueiros.pt\/wp-content\/uploads\/2021\/08\/5D3_8376-892x594.jpg 892w, https:\/\/www.quintadosfangueiros.pt\/wp-content\/uploads\/2021\/08\/5D3_8376-300x200.jpg 300w, https:\/\/www.quintadosfangueiros.pt\/wp-content\/uploads\/2021\/08\/5D3_8376-1024x683.jpg 1024w, https:\/\/www.quintadosfangueiros.pt\/wp-content\/uploads\/2021\/08\/5D3_8376-768x512.jpg 768w, https:\/\/www.quintadosfangueiros.pt\/wp-content\/uploads\/2021\/08\/5D3_8376-1536x1024.jpg 1536w, https:\/\/www.quintadosfangueiros.pt\/wp-content\/uploads\/2021\/08\/5D3_8376-2048x1365.jpg 2048w, https:\/\/www.quintadosfangueiros.pt\/wp-content\/uploads\/2021\/08\/5D3_8376-18x12.jpg 18w, https:\/\/www.quintadosfangueiros.pt\/wp-content\/uploads\/2021\/08\/5D3_8376-150x100.jpg 150w\" sizes=\"(max-width: 892px) 100vw, 892px\" \/>\n\t<\/p>\n\t\n<h2 class=\"mphb-service-title\">\n<a href=\"https:\/\/www.quintadosfangueiros.pt\/en\/services\/outdoor-dining-area-with-tables\/\">Outdoor dining area with tables<\/a>\n<\/h2>\n\n\n\n<\/div>\n<div class=\"mphb-service post-1007 mphb_room_service type-mphb_room_service status-publish has-post-thumbnail mphb-service-free\">\n\n\t\n\n\t    <\/a>\n    <p class=\"mphb-loop-service-thumbnail\">    <a href=\"https:\/\/www.quintadosfangueiros.pt\/en\/services\/artificial-lake\/\">\n    \n\t<img loading=\"lazy\" decoding=\"async\" width=\"892\" height=\"595\" src=\"https:\/\/www.quintadosfangueiros.pt\/wp-content\/uploads\/2021\/08\/6S2A0670-892x595.jpg\" class=\"attachment-post-thumbnail size-post-thumbnail wp-post-image\" alt=\"Lago Artificial\" srcset=\"https:\/\/www.quintadosfangueiros.pt\/wp-content\/uploads\/2021\/08\/6S2A0670-892x594.jpg 892w, https:\/\/www.quintadosfangueiros.pt\/wp-content\/uploads\/2021\/08\/6S2A0670-300x200.jpg 300w, https:\/\/www.quintadosfangueiros.pt\/wp-content\/uploads\/2021\/08\/6S2A0670-1024x683.jpg 1024w, https:\/\/www.quintadosfangueiros.pt\/wp-content\/uploads\/2021\/08\/6S2A0670-768x512.jpg 768w, https:\/\/www.quintadosfangueiros.pt\/wp-content\/uploads\/2021\/08\/6S2A0670-1536x1024.jpg 1536w, https:\/\/www.quintadosfangueiros.pt\/wp-content\/uploads\/2021\/08\/6S2A0670-2048x1365.jpg 2048w, https:\/\/www.quintadosfangueiros.pt\/wp-content\/uploads\/2021\/08\/6S2A0670-18x12.jpg 18w, https:\/\/www.quintadosfangueiros.pt\/wp-content\/uploads\/2021\/08\/6S2A0670-150x100.jpg 150w\" sizes=\"(max-width: 892px) 100vw, 892px\" \/>\n\t<\/p>\n\t\n<h2 class=\"mphb-service-title\">\n<a href=\"https:\/\/www.quintadosfangueiros.pt\/en\/services\/artificial-lake\/\">Artificial Lake<\/a>\n<\/h2>\n\n<p>Artificial Lake with fish<\/p>\n\n\n<\/div>\n<div class=\"mphb-service post-1011 mphb_room_service type-mphb_room_service status-publish has-post-thumbnail mphb-service-free\">\n\n\t\n\n\t    <\/a>\n    <p class=\"mphb-loop-service-thumbnail\">    <a href=\"https:\/\/www.quintadosfangueiros.pt\/en\/services\/free-parking\/\">\n    \n\t<img loading=\"lazy\" decoding=\"async\" width=\"892\" height=\"595\" src=\"https:\/\/www.quintadosfangueiros.pt\/wp-content\/uploads\/2021\/08\/6S2A0693_big-892x595.jpg\" class=\"attachment-post-thumbnail size-post-thumbnail wp-post-image\" alt=\"Estacionamento gratuito\" srcset=\"https:\/\/www.quintadosfangueiros.pt\/wp-content\/uploads\/2021\/08\/6S2A0693_big-892x594.jpg 892w, https:\/\/www.quintadosfangueiros.pt\/wp-content\/uploads\/2021\/08\/6S2A0693_big-300x200.jpg 300w, https:\/\/www.quintadosfangueiros.pt\/wp-content\/uploads\/2021\/08\/6S2A0693_big-1024x683.jpg 1024w, https:\/\/www.quintadosfangueiros.pt\/wp-content\/uploads\/2021\/08\/6S2A0693_big-768x512.jpg 768w, https:\/\/www.quintadosfangueiros.pt\/wp-content\/uploads\/2021\/08\/6S2A0693_big-1536x1024.jpg 1536w, https:\/\/www.quintadosfangueiros.pt\/wp-content\/uploads\/2021\/08\/6S2A0693_big-2048x1366.jpg 2048w, https:\/\/www.quintadosfangueiros.pt\/wp-content\/uploads\/2021\/08\/6S2A0693_big-18x12.jpg 18w, https:\/\/www.quintadosfangueiros.pt\/wp-content\/uploads\/2021\/08\/6S2A0693_big-150x100.jpg 150w\" sizes=\"(max-width: 892px) 100vw, 892px\" \/>\n\t<\/p>\n\t\n<h2 class=\"mphb-service-title\">\n<a href=\"https:\/\/www.quintadosfangueiros.pt\/en\/services\/free-parking\/\">Parking<\/a>\n<\/h2>\n\n<p>Free parking on the premises for several vehicles (keep in mind that you must leave the internal access street always available for other vehicles, e.g. agricultural machinery)<\/p>\n\n\n<\/div>\n<div class=\"mphb-service post-157 mphb_room_service type-mphb_room_service status-publish has-post-thumbnail mphb-service-free\">\n\n\t\n\n\t    <\/a>\n    <p class=\"mphb-loop-service-thumbnail\">    <a href=\"https:\/\/www.quintadosfangueiros.pt\/en\/services\/activities-and-tours\/\">\n    \n\t<img loading=\"lazy\" decoding=\"async\" width=\"315\" height=\"474\" src=\"https:\/\/www.quintadosfangueiros.pt\/wp-content\/uploads\/2021\/07\/terras_e_vinagre.jpg\" class=\"attachment-post-thumbnail size-post-thumbnail wp-post-image\" alt=\"Quadros fingidos a terras e vinagre\" srcset=\"https:\/\/www.quintadosfangueiros.pt\/wp-content\/uploads\/2021\/07\/terras_e_vinagre.jpg 315w, https:\/\/www.quintadosfangueiros.pt\/wp-content\/uploads\/2021\/07\/terras_e_vinagre-199x300.jpg 199w, https:\/\/www.quintadosfangueiros.pt\/wp-content\/uploads\/2021\/07\/terras_e_vinagre-8x12.jpg 8w\" sizes=\"(max-width: 315px) 100vw, 315px\" \/>\n\t<\/p>\n\t\n<h2 class=\"mphb-service-title\">\n<a href=\"https:\/\/www.quintadosfangueiros.pt\/en\/services\/activities-and-tours\/\">Activities and Tours<\/a>\n<\/h2>\n\n<p>Guests should previously consult the manager to check the availability and cost of this service, e.g. Exhibition of Fake Decorative Art using Sand and Vinegar by Rego Meira<\/p>\n\n\n<\/div>\n    <\/div>\n    <\/div>","protected":false},"excerpt":{"rendered":"<p>Everything you need to enjoy your stay<\/p>","protected":false},"author":1,"featured_media":0,"parent":629,"menu_order":2,"comment_status":"closed","ping_status":"closed","template":"template-wide-page.php","meta":{"_monsterinsights_skip_tracking":false,"_monsterinsights_sitenote_active":false,"_monsterinsights_sitenote_note":"","_monsterinsights_sitenote_category":0,"footnotes":""},"class_list":["post-637","page","type-page","status-publish","hentry"],"aioseo_notices":[],"_links":{"self":[{"href":"https:\/\/www.quintadosfangueiros.pt\/en\/wp-json\/wp\/v2\/pages\/637","targetHints":{"allow":["GET"]}}],"collection":[{"href":"https:\/\/www.quintadosfangueiros.pt\/en\/wp-json\/wp\/v2\/pages"}],"about":[{"href":"https:\/\/www.quintadosfangueiros.pt\/en\/wp-json\/wp\/v2\/types\/page"}],"author":[{"embeddable":true,"href":"https:\/\/www.quintadosfangueiros.pt\/en\/wp-json\/wp\/v2\/users\/1"}],"replies":[{"embeddable":true,"href":"https:\/\/www.quintadosfangueiros.pt\/en\/wp-json\/wp\/v2\/comments?post=637"}],"version-history":[{"count":6,"href":"https:\/\/www.quintadosfangueiros.pt\/en\/wp-json\/wp\/v2\/pages\/637\/revisions"}],"predecessor-version":[{"id":1027,"href":"https:\/\/www.quintadosfangueiros.pt\/en\/wp-json\/wp\/v2\/pages\/637\/revisions\/1027"}],"up":[{"embeddable":true,"href":"https:\/\/www.quintadosfangueiros.pt\/en\/wp-json\/wp\/v2\/pages\/629"}],"wp:attachment":[{"href":"https:\/\/www.quintadosfangueiros.pt\/en\/wp-json\/wp\/v2\/media?parent=637"}],"curies":[{"name":"wp","href":"https:\/\/api.w.org\/{rel}","templated":true}]}}