{"id":8,"date":"2021-07-17T00:33:32","date_gmt":"2021-07-16T23:33:32","guid":{"rendered":"http:\/\/quintadosfangueiros.pt\/?page_id=8"},"modified":"2021-08-11T23:47:57","modified_gmt":"2021-08-11T22:47:57","slug":"full-history","status":"publish","type":"page","link":"https:\/\/www.quintadosfangueiros.pt\/en\/welcome\/history\/full-history\/","title":{"rendered":"Our story"},"content":{"rendered":"<div class=\"wp-block-image is-style-default\"><figure class=\"alignright size-medium\"><img fetchpriority=\"high\" decoding=\"async\" width=\"300\" height=\"225\" src=\"https:\/\/www.quintadosfangueiros.pt\/wp-content\/uploads\/2021\/07\/20210502_141654-300x225.jpg\" alt=\"Pedra com ano de constru\u00e7\u00e3o\" class=\"wp-image-125\" srcset=\"https:\/\/www.quintadosfangueiros.pt\/wp-content\/uploads\/2021\/07\/20210502_141654-300x225.jpg 300w, https:\/\/www.quintadosfangueiros.pt\/wp-content\/uploads\/2021\/07\/20210502_141654-1024x768.jpg 1024w, https:\/\/www.quintadosfangueiros.pt\/wp-content\/uploads\/2021\/07\/20210502_141654-768x576.jpg 768w, https:\/\/www.quintadosfangueiros.pt\/wp-content\/uploads\/2021\/07\/20210502_141654-1536x1152.jpg 1536w, https:\/\/www.quintadosfangueiros.pt\/wp-content\/uploads\/2021\/07\/20210502_141654-2048x1536.jpg 2048w, https:\/\/www.quintadosfangueiros.pt\/wp-content\/uploads\/2021\/07\/20210502_141654-16x12.jpg 16w, https:\/\/www.quintadosfangueiros.pt\/wp-content\/uploads\/2021\/07\/20210502_141654-892x669.jpg 892w\" sizes=\"(max-width: 300px) 100vw, 300px\" \/><figcaption>Pedra com ano de constru\u00e7\u00e3o<\/figcaption><\/figure><\/div>\n\n\n\n<p>Located in Riba de \u00c2ncora, place of Aldeia Nova, municipality of Caminha we benefit from this privileged location close to the main accesses to the highway, to the beach of Vila Praia de \u00c2ncora (from which we have a view) and at the same time inserted in the nature's privacy.<\/p>\n\n\n\n<p>Our property, which once belonged to a priest, already has a long history. The first records date from 1937, however there are traces in its construction that mention the year 1850.<\/p>\n\n\n\n<p>In 2002 Feliz Carreira, a man from the restaurant business, and his wife Armanda Cardoso, a primary school teacher, born in the village of F\u00e3o, decided to acquire this farm in order to be able to recharge their batteries from the hectic life they were leading and at the same time enjoy the charm and peaceful life that all this property and area provide.<\/p>\n\n\n\n<p>The name Quinta dos Fangueiros comes from the place of birth of its owners who are from the village of F\u00e3o, municipality of Esposende.<\/p>\n\n\n\n<p>They started by recovering a small space next to the terrace where the cereals used to be kept, which now serves as housing and gradually developed agricultural and wine-growing activities. Later they installed a dovecot that allows its owner to enjoy one of his hobbies, pigeon racing.<\/p>\n\n\n\n<p>In recent years (since 2017), given that the main house was increasingly degrading, they decided to renovate all spaces, from the main house to the entire surrounding area.<\/p>\n\n\n\n<p>This renovation allowed them on one hand to prevent the degradation of the space and on the other the possibility of investing on a new business, the local accommodation, maintaining their entrepreneurial streak and a taste for contact with the public.<\/p>\n\n\n\n<p>It is the project of a lifetime, all thought and put into practice by Mr. Feliz and Dona Armanda, who unfortunately left us at the end of 2020 without having the pleasure of seeing the final result that derives from all his ideas and dreams.<\/p>\n\n\n\n<p>The commitment in the completion of this project is like a symbolic homage from Mr. Feliz to his wife, mother, grandmother and extraordinary human being that was our dear Armanda.<\/p>\n\n\n\n<p>Her love and dedication will always be present. We hope that you enjoy a stay that reflects just that.<\/p>","protected":false},"excerpt":{"rendered":"<p>Localizados em Riba de \u00c2ncora, lugar da Aldeia Nova, concelho de Caminha beneficiamos desta localiza\u00e7\u00e3o privilegiada perto dos principais acessos \u00e0 auto-estrada, \u00e0 praia de Vila Praia de \u00c2ncora (da qual temos vista) e ao mesmo tempo inseridos no recato da natureza. A nossa propriedade, que j\u00e1 pertenceu a um p\u00e1roco, conta j\u00e1 com uma [&hellip;]<\/p>","protected":false},"author":1,"featured_media":0,"parent":48,"menu_order":0,"comment_status":"closed","ping_status":"closed","template":"template-wide-page.php","meta":{"_monsterinsights_skip_tracking":false,"_monsterinsights_sitenote_active":false,"_monsterinsights_sitenote_note":"","_monsterinsights_sitenote_category":0,"footnotes":""},"class_list":["post-8","page","type-page","status-publish","hentry"],"aioseo_notices":[],"_links":{"self":[{"href":"https:\/\/www.quintadosfangueiros.pt\/en\/wp-json\/wp\/v2\/pages\/8","targetHints":{"allow":["GET"]}}],"collection":[{"href":"https:\/\/www.quintadosfangueiros.pt\/en\/wp-json\/wp\/v2\/pages"}],"about":[{"href":"https:\/\/www.quintadosfangueiros.pt\/en\/wp-json\/wp\/v2\/types\/page"}],"author":[{"embeddable":true,"href":"https:\/\/www.quintadosfangueiros.pt\/en\/wp-json\/wp\/v2\/users\/1"}],"replies":[{"embeddable":true,"href":"https:\/\/www.quintadosfangueiros.pt\/en\/wp-json\/wp\/v2\/comments?post=8"}],"version-history":[{"count":8,"href":"https:\/\/www.quintadosfangueiros.pt\/en\/wp-json\/wp\/v2\/pages\/8\/revisions"}],"predecessor-version":[{"id":828,"href":"https:\/\/www.quintadosfangueiros.pt\/en\/wp-json\/wp\/v2\/pages\/8\/revisions\/828"}],"up":[{"embeddable":true,"href":"https:\/\/www.quintadosfangueiros.pt\/en\/wp-json\/wp\/v2\/pages\/48"}],"wp:attachment":[{"href":"https:\/\/www.quintadosfangueiros.pt\/en\/wp-json\/wp\/v2\/media?parent=8"}],"curies":[{"name":"wp","href":"https:\/\/api.w.org\/{rel}","templated":true}]}}